{"id":9,"date":"2020-04-11T18:39:09","date_gmt":"2020-04-11T18:39:09","guid":{"rendered":"http:\/\/aprendermais.eu\/mat5\/?page_id=9"},"modified":"2020-04-13T15:20:44","modified_gmt":"2020-04-13T15:20:44","slug":"contacto","status":"publish","type":"page","link":"http:\/\/aprendermais.eu\/mat5\/contacto\/","title":{"rendered":"Contacto"},"content":{"rendered":"\r\n<p><mark>NOTA IMPORTANTE:<\/mark> nos endere\u00e7os seguintes, substituir AT por @.<br \/>N\u00e3o se publica o endere\u00e7o literal, para minimizar o spam por bots que colecionam contactos.<\/p>\r\n<hr \/>\r\n<p>Para apoio aos alunos e entrega das quest\u00f5es-aula, os alunos devem utilizar os seguintes endere\u00e7os das suas professoras.<\/p>\r\n<p>Para as turmas 5A, 5B, 5G, 5H:<br \/><strong>cm.aprendermais<\/strong> AT <strong>gmail.com<\/strong><\/p>\r\n<p>Para as turmas 5C, 5D, 5E, 5F:<br \/><strong>fr.aprendermais <\/strong>AT <strong>gmail.com<\/strong><\/p>\r\n<p>Para quest\u00f5es administrativas, relacionadas com o blog, utilizar o e-mail: <strong>mat5aprender <\/strong>AT <strong>gmail.com<\/strong><\/p>\r\n\r\n\r\n\r\n\r\n","protected":false},"excerpt":{"rendered":"<p>NOTA IMPORTANTE: nos endere\u00e7os seguintes, substituir AT por @.N\u00e3o se publica o endere\u00e7o literal, para minimizar o spam por bots que colecionam contactos. Para apoio aos alunos e entrega das quest\u00f5es-aula, os alunos devem utilizar os seguintes endere\u00e7os das suas professoras. Para as turmas 5A, 5B, 5G, 5H:cm.aprendermais AT gmail.com Para as turmas 5C, 5D, [&hellip;]<\/p>\n","protected":false},"author":1,"featured_media":0,"parent":0,"menu_order":0,"comment_status":"closed","ping_status":"closed","template":"","meta":[],"_links":{"self":[{"href":"http:\/\/aprendermais.eu\/mat5\/wp-json\/wp\/v2\/pages\/9"}],"collection":[{"href":"http:\/\/aprendermais.eu\/mat5\/wp-json\/wp\/v2\/pages"}],"about":[{"href":"http:\/\/aprendermais.eu\/mat5\/wp-json\/wp\/v2\/types\/page"}],"author":[{"embeddable":true,"href":"http:\/\/aprendermais.eu\/mat5\/wp-json\/wp\/v2\/users\/1"}],"replies":[{"embeddable":true,"href":"http:\/\/aprendermais.eu\/mat5\/wp-json\/wp\/v2\/comments?post=9"}],"version-history":[{"count":8,"href":"http:\/\/aprendermais.eu\/mat5\/wp-json\/wp\/v2\/pages\/9\/revisions"}],"predecessor-version":[{"id":44,"href":"http:\/\/aprendermais.eu\/mat5\/wp-json\/wp\/v2\/pages\/9\/revisions\/44"}],"wp:attachment":[{"href":"http:\/\/aprendermais.eu\/mat5\/wp-json\/wp\/v2\/media?parent=9"}],"curies":[{"name":"wp","href":"https:\/\/api.w.org\/{rel}","templated":true}]}}