{"id":8,"date":"2020-04-11T18:39:09","date_gmt":"2020-04-11T18:39:09","guid":{"rendered":"http:\/\/aprendermais.eu\/mat5\/?page_id=8"},"modified":"2020-04-11T18:53:36","modified_gmt":"2020-04-11T18:53:36","slug":"sobre","status":"publish","type":"page","link":"http:\/\/aprendermais.eu\/mat5\/sobre\/","title":{"rendered":"Sobre"},"content":{"rendered":"\n<p>Este site foi criado para publica\u00e7\u00e3o de conte\u00fados relacionados com a disciplina de Matem\u00e1tica, 5\u00ba ano.<\/p>\n","protected":false},"excerpt":{"rendered":"<p>Este site foi criado para publica\u00e7\u00e3o de conte\u00fados relacionados com a disciplina de Matem\u00e1tica, 5\u00ba ano.<\/p>\n","protected":false},"author":1,"featured_media":0,"parent":0,"menu_order":0,"comment_status":"closed","ping_status":"closed","template":"","meta":[],"_links":{"self":[{"href":"http:\/\/aprendermais.eu\/mat5\/wp-json\/wp\/v2\/pages\/8"}],"collection":[{"href":"http:\/\/aprendermais.eu\/mat5\/wp-json\/wp\/v2\/pages"}],"about":[{"href":"http:\/\/aprendermais.eu\/mat5\/wp-json\/wp\/v2\/types\/page"}],"author":[{"embeddable":true,"href":"http:\/\/aprendermais.eu\/mat5\/wp-json\/wp\/v2\/users\/1"}],"replies":[{"embeddable":true,"href":"http:\/\/aprendermais.eu\/mat5\/wp-json\/wp\/v2\/comments?post=8"}],"version-history":[{"count":3,"href":"http:\/\/aprendermais.eu\/mat5\/wp-json\/wp\/v2\/pages\/8\/revisions"}],"predecessor-version":[{"id":36,"href":"http:\/\/aprendermais.eu\/mat5\/wp-json\/wp\/v2\/pages\/8\/revisions\/36"}],"wp:attachment":[{"href":"http:\/\/aprendermais.eu\/mat5\/wp-json\/wp\/v2\/media?parent=8"}],"curies":[{"name":"wp","href":"https:\/\/api.w.org\/{rel}","templated":true}]}}